{"id":429,"date":"2017-10-02T06:27:21","date_gmt":"2017-10-02T06:27:21","guid":{"rendered":"http:\/\/restaurandoclasicos.com.mx\/new\/?page_id=429"},"modified":"2017-10-02T06:27:21","modified_gmt":"2017-10-02T06:27:21","slug":"acerca-de","status":"publish","type":"page","link":"https:\/\/restaurandoclasicos.com.mx\/new\/acerca-de\/","title":{"rendered":"Acerca de"},"content":{"rendered":"<p>Restaurando Cl\u00e1sicos\u00ae es la tienda amiga de todo amante de los autos, sobre todo los cl\u00e1sicos. Compartimos la emoci\u00f3n y el asombro que provocan estas formidables m\u00e1quinas sobrevivientes de una \u00e9poca en la cual los autos dejaron de ser autos para convertirse en leyendas.<\/p>\n<p>Desde el a\u00f1o (2004*) hemos ayudado a nuestros clientes a conservar la belleza y potencia de sus autos, una pieza a la vez. Nuestro amplio inventario, constantemente en expansi\u00f3n, nos lo permite. Realizamos env\u00edos a toda la Rep\u00fablica Mexicana y el extranjero. Contamos con partes para marcas como Dodge, Chevrolet, Ford, (mencionar otras) y m\u00e1s. Aunque hemos de confesar que tenemos consentidos como el Barracuda, Firebird y el Challenger.<\/p>\n<p>Aunque amamos los cl\u00e1sicos, no discriminamos a los autos modernos, ya que un d\u00eda \u00e9stos tambi\u00e9n podr\u00edan serlo.<\/p>\n<p>Restaurando Cl\u00e1sicos\u00ae es tu tienda de partes y accesorios para autos cl\u00e1sicos en M\u00e9xico.<\/p>\n","protected":false},"excerpt":{"rendered":"<p>Restaurando Cl\u00e1sicos\u00ae es la tienda amiga de todo amante de los autos, sobre todo los cl\u00e1sicos. Compartimos la emoci\u00f3n y el asombro que provocan estas formidables m\u00e1quinas sobrevivientes de una \u00e9poca en la cual los autos dejaron de ser autos para convertirse en leyendas. Desde el a\u00f1o (2004*) hemos ayudado a nuestros clientes a conservar [&#8230;]\n","protected":false},"author":1,"featured_media":0,"parent":0,"menu_order":0,"comment_status":"closed","ping_status":"closed","template":"","meta":{"_joinchat":[],"footnotes":""},"class_list":["post-429","page","type-page","status-publish","hentry"],"jetpack_sharing_enabled":true,"_links":{"self":[{"href":"https:\/\/restaurandoclasicos.com.mx\/new\/wp-json\/wp\/v2\/pages\/429","targetHints":{"allow":["GET"]}}],"collection":[{"href":"https:\/\/restaurandoclasicos.com.mx\/new\/wp-json\/wp\/v2\/pages"}],"about":[{"href":"https:\/\/restaurandoclasicos.com.mx\/new\/wp-json\/wp\/v2\/types\/page"}],"author":[{"embeddable":true,"href":"https:\/\/restaurandoclasicos.com.mx\/new\/wp-json\/wp\/v2\/users\/1"}],"replies":[{"embeddable":true,"href":"https:\/\/restaurandoclasicos.com.mx\/new\/wp-json\/wp\/v2\/comments?post=429"}],"version-history":[{"count":0,"href":"https:\/\/restaurandoclasicos.com.mx\/new\/wp-json\/wp\/v2\/pages\/429\/revisions"}],"wp:attachment":[{"href":"https:\/\/restaurandoclasicos.com.mx\/new\/wp-json\/wp\/v2\/media?parent=429"}],"curies":[{"name":"wp","href":"https:\/\/api.w.org\/{rel}","templated":true}]}}