{"id":1193,"date":"2018-08-01T05:07:36","date_gmt":"2018-08-01T05:07:36","guid":{"rendered":"http:\/\/restaurandoclasicos.com.mx\/new\/?post_type=product&#038;p=1193"},"modified":"2024-04-24T14:40:47","modified_gmt":"2024-04-24T19:40:47","slug":"nissan-datsun-pick-up-1984-1993calavera","status":"publish","type":"product","link":"https:\/\/restaurandoclasicos.com.mx\/new\/producto\/nissan-datsun-pick-up-1984-1993calavera\/","title":{"rendered":"NISSAN DATSUN PICK UP 1984 &#8211; 1993,CALAVERA."},"content":{"rendered":"<p><strong>PRODUCTO: NUEVO.<\/strong><\/p>\n<p><strong>ORIGEN: M\u00c9XICO.<\/strong><\/p>\n<p><strong>DISPONIBLE: DERECHO E IZQUIERDO.<\/strong><\/p>\n","protected":false},"excerpt":{"rendered":"<p><strong>MICA TOTALMENTE NUEVA, FABRICADA EN ACR\u00cdLICO, CON CARCASA DE PL\u00c1STICO, MOLDURA DE PL\u00c1STICO ABS CROMADA.<\/strong><\/p>\n","protected":false},"featured_media":1194,"comment_status":"open","ping_status":"closed","template":"","meta":{"_joinchat":[]},"product_brand":[],"product_cat":[726,69],"product_tag":[266,256,257,258,259,260,211,212,350,73,124],"class_list":{"0":"post-1193","1":"product","2":"type-product","3":"status-publish","4":"has-post-thumbnail","6":"product_cat-datsun-iluminacion","7":"product_cat-iluminacion","8":"product_tag-266","9":"product_tag-256","10":"product_tag-257","11":"product_tag-258","12":"product_tag-259","13":"product_tag-260","14":"product_tag-211","15":"product_tag-212","16":"product_tag-nissan","17":"product_tag-pick-up","18":"product_tag-pickup","20":"first","21":"outofstock","22":"shipping-taxable","23":"purchasable","24":"product-type-simple"},"jetpack_sharing_enabled":true,"_links":{"self":[{"href":"https:\/\/restaurandoclasicos.com.mx\/new\/wp-json\/wp\/v2\/product\/1193","targetHints":{"allow":["GET"]}}],"collection":[{"href":"https:\/\/restaurandoclasicos.com.mx\/new\/wp-json\/wp\/v2\/product"}],"about":[{"href":"https:\/\/restaurandoclasicos.com.mx\/new\/wp-json\/wp\/v2\/types\/product"}],"replies":[{"embeddable":true,"href":"https:\/\/restaurandoclasicos.com.mx\/new\/wp-json\/wp\/v2\/comments?post=1193"}],"wp:featuredmedia":[{"embeddable":true,"href":"https:\/\/restaurandoclasicos.com.mx\/new\/wp-json\/wp\/v2\/media\/1194"}],"wp:attachment":[{"href":"https:\/\/restaurandoclasicos.com.mx\/new\/wp-json\/wp\/v2\/media?parent=1193"}],"wp:term":[{"taxonomy":"product_brand","embeddable":true,"href":"https:\/\/restaurandoclasicos.com.mx\/new\/wp-json\/wp\/v2\/product_brand?post=1193"},{"taxonomy":"product_cat","embeddable":true,"href":"https:\/\/restaurandoclasicos.com.mx\/new\/wp-json\/wp\/v2\/product_cat?post=1193"},{"taxonomy":"product_tag","embeddable":true,"href":"https:\/\/restaurandoclasicos.com.mx\/new\/wp-json\/wp\/v2\/product_tag?post=1193"}],"curies":[{"name":"wp","href":"https:\/\/api.w.org\/{rel}","templated":true}]}}