{"id":1429,"date":"2019-03-01T14:53:26","date_gmt":"2019-03-01T14:53:26","guid":{"rendered":"http:\/\/restaurandoclasicos.com.mx\/new\/?post_type=product&#038;p=1429"},"modified":"2023-09-02T14:38:36","modified_gmt":"2023-09-02T19:38:36","slug":"ford-falcon-1962-1963-mica-para-calavera","status":"publish","type":"product","link":"https:\/\/restaurandoclasicos.com.mx\/new\/producto\/ford-falcon-1962-1963-mica-para-calavera\/","title":{"rendered":"FORD FALCON 1962 1963 MICA PARA CALAVERA."},"content":{"rendered":"<p><strong>PRODUCTO: NUEVO.<\/strong><\/p>\n<p><strong>ORIGEN: M\u00c9XICO<\/strong><\/p>\n","protected":false},"excerpt":{"rendered":"<p><strong>MICA TOTALMENTE NUEVA, FABRICADA EN ACR\u00cdLICO TIPO INDUSTRIAL, EL PROCESO DE FABRICACI\u00d3N ES MEDIANTE INYECCI\u00d3N QUE LA HACE MAS PRECISA Y EXACTA EN CUANTO A FORMAS Y DIMENSIONES<\/strong>.<\/p>\n","protected":false},"featured_media":1431,"comment_status":"open","ping_status":"closed","template":"","meta":{"_joinchat":[]},"product_brand":[],"product_cat":[730,69],"product_tag":[186,187,181,76],"class_list":{"0":"post-1429","1":"product","2":"type-product","3":"status-publish","4":"has-post-thumbnail","6":"product_cat-ford-iluminacion","7":"product_cat-iluminacion","8":"product_tag-186","9":"product_tag-187","10":"product_tag-falcon","11":"product_tag-ford","13":"first","14":"instock","15":"shipping-taxable","16":"purchasable","17":"product-type-simple"},"jetpack_sharing_enabled":true,"_links":{"self":[{"href":"https:\/\/restaurandoclasicos.com.mx\/new\/wp-json\/wp\/v2\/product\/1429","targetHints":{"allow":["GET"]}}],"collection":[{"href":"https:\/\/restaurandoclasicos.com.mx\/new\/wp-json\/wp\/v2\/product"}],"about":[{"href":"https:\/\/restaurandoclasicos.com.mx\/new\/wp-json\/wp\/v2\/types\/product"}],"replies":[{"embeddable":true,"href":"https:\/\/restaurandoclasicos.com.mx\/new\/wp-json\/wp\/v2\/comments?post=1429"}],"wp:featuredmedia":[{"embeddable":true,"href":"https:\/\/restaurandoclasicos.com.mx\/new\/wp-json\/wp\/v2\/media\/1431"}],"wp:attachment":[{"href":"https:\/\/restaurandoclasicos.com.mx\/new\/wp-json\/wp\/v2\/media?parent=1429"}],"wp:term":[{"taxonomy":"product_brand","embeddable":true,"href":"https:\/\/restaurandoclasicos.com.mx\/new\/wp-json\/wp\/v2\/product_brand?post=1429"},{"taxonomy":"product_cat","embeddable":true,"href":"https:\/\/restaurandoclasicos.com.mx\/new\/wp-json\/wp\/v2\/product_cat?post=1429"},{"taxonomy":"product_tag","embeddable":true,"href":"https:\/\/restaurandoclasicos.com.mx\/new\/wp-json\/wp\/v2\/product_tag?post=1429"}],"curies":[{"name":"wp","href":"https:\/\/api.w.org\/{rel}","templated":true}]}}