{"id":2031,"date":"2020-07-10T19:07:08","date_gmt":"2020-07-10T19:07:08","guid":{"rendered":"https:\/\/restaurandoclasicos.com.mx\/new\/?post_type=product&#038;p=2031"},"modified":"2025-10-08T18:00:00","modified_gmt":"2025-10-08T23:00:00","slug":"espejo-valiant-duster-dart-volare","status":"publish","type":"product","link":"https:\/\/restaurandoclasicos.com.mx\/new\/producto\/espejo-valiant-duster-dart-volare\/","title":{"rendered":"ESPEJOS TIPO UNIVERSAL VALIANT VOLARE DART BARRACUDA FALCON MUSTANG THUNDERBIRD"},"content":{"rendered":"<p><strong>PRODUCTO: NUEVO<\/strong><\/p>\n<p><strong>ORIGEN: M\u00c9XICO<\/strong><\/p>\n<p>&nbsp;<\/p>\n","protected":false},"excerpt":{"rendered":"<h3 class=\"thin-font\"><strong>Descubre la elegancia y durabilidad de nuestros espejos retrovisores nuevos, fabricados en M\u00e9xico con materiales met\u00e1licos de alta calidad y acabado en cromo. Estos espejos son compatibles con m\u00faltiples marcas de autos antiguos, ofreciendo un ajuste perfecto y un estilo cl\u00e1sico que realza la apariencia de tu veh\u00edculo. Renueva tu auto con estos espejos retrovisores que combinan funcionalidad y estilo. Este modelo de espejo tiene una base de 12 cm de largo x 2.5 cm de ancho.<\/strong><\/h3>\n","protected":false},"featured_media":2033,"comment_status":"open","ping_status":"closed","template":"","meta":{"_joinchat":[]},"product_brand":[],"product_cat":[75],"product_tag":[106,150,182,181,190,180,230,103,218,144,90],"class_list":{"0":"post-2031","1":"product","2":"type-product","3":"status-publish","4":"has-post-thumbnail","6":"product_cat-espejos","7":"product_tag-dart","8":"product_tag-duster","9":"product_tag-espejo","10":"product_tag-falcon","11":"product_tag-ford200","12":"product_tag-galaxie","13":"product_tag-maverick","14":"product_tag-mustang","15":"product_tag-thunderbird","16":"product_tag-valiant","17":"product_tag-volare","19":"first","20":"instock","21":"shipping-taxable","22":"purchasable","23":"product-type-simple"},"jetpack_sharing_enabled":true,"_links":{"self":[{"href":"https:\/\/restaurandoclasicos.com.mx\/new\/wp-json\/wp\/v2\/product\/2031","targetHints":{"allow":["GET"]}}],"collection":[{"href":"https:\/\/restaurandoclasicos.com.mx\/new\/wp-json\/wp\/v2\/product"}],"about":[{"href":"https:\/\/restaurandoclasicos.com.mx\/new\/wp-json\/wp\/v2\/types\/product"}],"replies":[{"embeddable":true,"href":"https:\/\/restaurandoclasicos.com.mx\/new\/wp-json\/wp\/v2\/comments?post=2031"}],"wp:featuredmedia":[{"embeddable":true,"href":"https:\/\/restaurandoclasicos.com.mx\/new\/wp-json\/wp\/v2\/media\/2033"}],"wp:attachment":[{"href":"https:\/\/restaurandoclasicos.com.mx\/new\/wp-json\/wp\/v2\/media?parent=2031"}],"wp:term":[{"taxonomy":"product_brand","embeddable":true,"href":"https:\/\/restaurandoclasicos.com.mx\/new\/wp-json\/wp\/v2\/product_brand?post=2031"},{"taxonomy":"product_cat","embeddable":true,"href":"https:\/\/restaurandoclasicos.com.mx\/new\/wp-json\/wp\/v2\/product_cat?post=2031"},{"taxonomy":"product_tag","embeddable":true,"href":"https:\/\/restaurandoclasicos.com.mx\/new\/wp-json\/wp\/v2\/product_tag?post=2031"}],"curies":[{"name":"wp","href":"https:\/\/api.w.org\/{rel}","templated":true}]}}