{"id":2176,"date":"2020-09-20T00:55:28","date_gmt":"2020-09-20T00:55:28","guid":{"rendered":"https:\/\/restaurandoclasicos.com.mx\/new\/?post_type=product&#038;p=2176"},"modified":"2022-02-03T15:00:38","modified_gmt":"2022-02-03T15:00:38","slug":"calavera-nissan-datsun-estaquitas-d21-1994-2008","status":"publish","type":"product","link":"https:\/\/restaurandoclasicos.com.mx\/new\/producto\/calavera-nissan-datsun-estaquitas-d21-1994-2008\/","title":{"rendered":"CALAVERA NISSAN DATSUN ESTAQUITAS D21 1994 2008"},"content":{"rendered":"","protected":false},"excerpt":{"rendered":"<p><strong>CALAVERA TOTALMENTE NUEVA, MICAS FABRICADAS EN ACR\u00cdLICO BAJO SISTEMA DE INYECCI\u00d3N CARCASA DE PL\u00c1STICO.<\/strong><\/p>\n","protected":false},"featured_media":2177,"comment_status":"open","ping_status":"closed","template":"","meta":{"_joinchat":[]},"product_brand":[],"product_cat":[69],"product_tag":[204,341,432,293,276,294,295,296,444,445,446,298,299,300,362,410,83,593,350],"class_list":{"0":"post-2176","1":"product","2":"type-product","3":"status-publish","4":"has-post-thumbnail","6":"product_cat-iluminacion","7":"product_tag-204","8":"product_tag-341","9":"product_tag-432","10":"product_tag-293","11":"product_tag-276","12":"product_tag-294","13":"product_tag-295","14":"product_tag-296","15":"product_tag-444","16":"product_tag-445","17":"product_tag-446","18":"product_tag-298","19":"product_tag-299","20":"product_tag-300","21":"product_tag-362","22":"product_tag-d21","23":"product_tag-datsun","24":"product_tag-estaquitas","25":"product_tag-nissan","27":"first","28":"instock","29":"shipping-taxable","30":"purchasable","31":"product-type-simple"},"jetpack_sharing_enabled":true,"_links":{"self":[{"href":"https:\/\/restaurandoclasicos.com.mx\/new\/wp-json\/wp\/v2\/product\/2176","targetHints":{"allow":["GET"]}}],"collection":[{"href":"https:\/\/restaurandoclasicos.com.mx\/new\/wp-json\/wp\/v2\/product"}],"about":[{"href":"https:\/\/restaurandoclasicos.com.mx\/new\/wp-json\/wp\/v2\/types\/product"}],"replies":[{"embeddable":true,"href":"https:\/\/restaurandoclasicos.com.mx\/new\/wp-json\/wp\/v2\/comments?post=2176"}],"wp:featuredmedia":[{"embeddable":true,"href":"https:\/\/restaurandoclasicos.com.mx\/new\/wp-json\/wp\/v2\/media\/2177"}],"wp:attachment":[{"href":"https:\/\/restaurandoclasicos.com.mx\/new\/wp-json\/wp\/v2\/media?parent=2176"}],"wp:term":[{"taxonomy":"product_brand","embeddable":true,"href":"https:\/\/restaurandoclasicos.com.mx\/new\/wp-json\/wp\/v2\/product_brand?post=2176"},{"taxonomy":"product_cat","embeddable":true,"href":"https:\/\/restaurandoclasicos.com.mx\/new\/wp-json\/wp\/v2\/product_cat?post=2176"},{"taxonomy":"product_tag","embeddable":true,"href":"https:\/\/restaurandoclasicos.com.mx\/new\/wp-json\/wp\/v2\/product_tag?post=2176"}],"curies":[{"name":"wp","href":"https:\/\/api.w.org\/{rel}","templated":true}]}}