{"id":2184,"date":"2020-09-20T17:26:21","date_gmt":"2020-09-20T17:26:21","guid":{"rendered":"https:\/\/restaurandoclasicos.com.mx\/new\/?post_type=product&#038;p=2184"},"modified":"2024-01-11T12:56:42","modified_gmt":"2024-01-11T18:56:42","slug":"calavera-toyota-pick-up-4x4-1984-1988-nueva","status":"publish","type":"product","link":"https:\/\/restaurandoclasicos.com.mx\/new\/producto\/calavera-toyota-pick-up-4x4-1984-1988-nueva\/","title":{"rendered":"CALAVERA TOYOTA PICK UP 4X4 1984 1988 NUEVA"},"content":{"rendered":"<p><strong>PRODUCTO: NUEVO<\/strong><\/p>\n<p><strong>ORIGEN: TAIWAN<\/strong><\/p>\n","protected":false},"excerpt":{"rendered":"<p><strong>CALAVERA TOTALMENTE NUEVA, MICA FABRICADA EN ACR\u00cdLICO, CARCAS DE PL\u00c1STICO ABS, ACABADO EN CROMO, CUENTA CON HARNESS, EL\u00c9CTRICO, MAR<\/strong><\/p>\n","protected":false},"featured_media":2187,"comment_status":"open","ping_status":"closed","template":"","meta":{"_joinchat":[]},"product_brand":[],"product_cat":[69],"product_tag":[256,257,258,259,260,93,73,124,500],"class_list":{"0":"post-2184","1":"product","2":"type-product","3":"status-publish","4":"has-post-thumbnail","6":"product_cat-iluminacion","7":"product_tag-256","8":"product_tag-257","9":"product_tag-258","10":"product_tag-259","11":"product_tag-260","12":"product_tag-4x4","13":"product_tag-pick-up","14":"product_tag-pickup","15":"product_tag-toyota","16":"pa_lado-derecho","17":"pa_lado-izquierdo","19":"first","20":"instock","21":"shipping-taxable","22":"purchasable","23":"product-type-variable"},"jetpack_sharing_enabled":true,"_links":{"self":[{"href":"https:\/\/restaurandoclasicos.com.mx\/new\/wp-json\/wp\/v2\/product\/2184","targetHints":{"allow":["GET"]}}],"collection":[{"href":"https:\/\/restaurandoclasicos.com.mx\/new\/wp-json\/wp\/v2\/product"}],"about":[{"href":"https:\/\/restaurandoclasicos.com.mx\/new\/wp-json\/wp\/v2\/types\/product"}],"replies":[{"embeddable":true,"href":"https:\/\/restaurandoclasicos.com.mx\/new\/wp-json\/wp\/v2\/comments?post=2184"}],"wp:featuredmedia":[{"embeddable":true,"href":"https:\/\/restaurandoclasicos.com.mx\/new\/wp-json\/wp\/v2\/media\/2187"}],"wp:attachment":[{"href":"https:\/\/restaurandoclasicos.com.mx\/new\/wp-json\/wp\/v2\/media?parent=2184"}],"wp:term":[{"taxonomy":"product_brand","embeddable":true,"href":"https:\/\/restaurandoclasicos.com.mx\/new\/wp-json\/wp\/v2\/product_brand?post=2184"},{"taxonomy":"product_cat","embeddable":true,"href":"https:\/\/restaurandoclasicos.com.mx\/new\/wp-json\/wp\/v2\/product_cat?post=2184"},{"taxonomy":"product_tag","embeddable":true,"href":"https:\/\/restaurandoclasicos.com.mx\/new\/wp-json\/wp\/v2\/product_tag?post=2184"}],"curies":[{"name":"wp","href":"https:\/\/api.w.org\/{rel}","templated":true}]}}