{"id":2478,"date":"2021-02-05T23:03:42","date_gmt":"2021-02-05T23:03:42","guid":{"rendered":"https:\/\/restaurandoclasicos.com.mx\/new\/?post_type=product&#038;p=2478"},"modified":"2024-10-31T11:10:07","modified_gmt":"2024-10-31T17:10:07","slug":"emblemas-cheyenne-kit","status":"publish","type":"product","link":"https:\/\/restaurandoclasicos.com.mx\/new\/producto\/emblemas-cheyenne-kit\/","title":{"rendered":"KIT DE EMBLEMAS CHEVROLET CHEYENNE CUSTOM SILVERADO"},"content":{"rendered":"<p><strong>PRODUCTO: NUEVO<\/strong><\/p>\n<p><strong>ORIGEN: MEXICO<\/strong><\/p>\n","protected":false},"excerpt":{"rendered":"<p><strong>KIT DE EMBLEMAS, TOTALMENTE NUEVO, EMBLEMA PARA COFRE, TOTALMENTE NUEVO, FABRICADO EN METAL, ACABADO EN CROMO, EMBLEMAS LOGO CHEYENNE FABRICADOS EN ACRILICO,CUENTAN CON ADHESIVO PARA SU INSTALACI\u00d3N, EMBLEMAS LATERALES 1500 FABRICADOS EN PL\u00c1STICO, ACABADO EN CROMO, FONDEADO EN COLOR NEGRO, CUENTA CON ADHESIVO PARA SU INSTALACI\u00d3N.<\/strong><\/p>\n","protected":false},"featured_media":2479,"comment_status":"open","ping_status":"closed","template":"","meta":{"_joinchat":[]},"product_brand":[],"product_cat":[717,89,908],"product_tag":[72,114,206,623,135],"class_list":{"0":"post-2478","1":"product","2":"type-product","3":"status-publish","4":"has-post-thumbnail","6":"product_cat-chevrolet-emblemas","7":"product_cat-emblemas","8":"product_cat-kit","9":"product_tag-chevrolet","10":"product_tag-cheyenne","11":"product_tag-custom","12":"product_tag-emblemas","13":"product_tag-silverado","15":"first","16":"instock","17":"shipping-taxable","18":"purchasable","19":"product-type-simple"},"jetpack_sharing_enabled":true,"_links":{"self":[{"href":"https:\/\/restaurandoclasicos.com.mx\/new\/wp-json\/wp\/v2\/product\/2478","targetHints":{"allow":["GET"]}}],"collection":[{"href":"https:\/\/restaurandoclasicos.com.mx\/new\/wp-json\/wp\/v2\/product"}],"about":[{"href":"https:\/\/restaurandoclasicos.com.mx\/new\/wp-json\/wp\/v2\/types\/product"}],"replies":[{"embeddable":true,"href":"https:\/\/restaurandoclasicos.com.mx\/new\/wp-json\/wp\/v2\/comments?post=2478"}],"wp:featuredmedia":[{"embeddable":true,"href":"https:\/\/restaurandoclasicos.com.mx\/new\/wp-json\/wp\/v2\/media\/2479"}],"wp:attachment":[{"href":"https:\/\/restaurandoclasicos.com.mx\/new\/wp-json\/wp\/v2\/media?parent=2478"}],"wp:term":[{"taxonomy":"product_brand","embeddable":true,"href":"https:\/\/restaurandoclasicos.com.mx\/new\/wp-json\/wp\/v2\/product_brand?post=2478"},{"taxonomy":"product_cat","embeddable":true,"href":"https:\/\/restaurandoclasicos.com.mx\/new\/wp-json\/wp\/v2\/product_cat?post=2478"},{"taxonomy":"product_tag","embeddable":true,"href":"https:\/\/restaurandoclasicos.com.mx\/new\/wp-json\/wp\/v2\/product_tag?post=2478"}],"curies":[{"name":"wp","href":"https:\/\/api.w.org\/{rel}","templated":true}]}}