{"id":4283,"date":"2023-04-24T00:20:13","date_gmt":"2023-04-24T05:20:13","guid":{"rendered":"https:\/\/restaurandoclasicos.com.mx\/new\/?post_type=product&#038;p=4283"},"modified":"2024-03-26T20:44:06","modified_gmt":"2024-03-27T02:44:06","slug":"cuarto-esquinero-ford-topaz-1988-1994-nuevo","status":"publish","type":"product","link":"https:\/\/restaurandoclasicos.com.mx\/new\/producto\/cuarto-esquinero-ford-topaz-1988-1994-nuevo\/","title":{"rendered":"CUARTO ESQUINERO FORD TOPAZ  FORD GHIA 1988  &#8211; 1994 NUEVO"},"content":{"rendered":"<p><strong>PRODUCTO: NUEVO<\/strong><\/p>\n<p><strong>ORIGEN: TAIWAN\u00a0<\/strong><\/p>\n","protected":false},"excerpt":{"rendered":"<h3><strong>Este cuarto de punta para Ford Topaz y Ford Ghia de los a\u00f1os 1988 a 1994 es un producto importado de Taiw\u00e1n, fabricado en acr\u00edlico y sellado por ultrasonido. Es ideal para mantener la apariencia original de tu veh\u00edculo y garantizar un ajuste perfecto. Aseg\u00farate de verificar la compatibilidad con tu modelo antes de comprarlo.<\/strong><\/h3>\n","protected":false},"featured_media":4291,"comment_status":"open","ping_status":"closed","template":"","meta":{"_joinchat":[]},"product_brand":[],"product_cat":[744,790],"product_tag":[260,211,212,160,161,203,204,945,833,1037,76,1080,1076,353],"class_list":{"0":"post-4283","1":"product","2":"type-product","3":"status-publish","4":"has-post-thumbnail","6":"product_cat-cuartos","7":"product_cat-ford-cuartos","8":"product_tag-260","9":"product_tag-211","10":"product_tag-212","11":"product_tag-160","12":"product_tag-161","13":"product_tag-203","14":"product_tag-204","15":"product_tag-autopartes","16":"product_tag-autos","17":"product_tag-colision","18":"product_tag-ford","19":"product_tag-iluminacion","20":"product_tag-iluminacionautomotriz","21":"product_tag-topaz","22":"pa_lado-derecho","23":"pa_lado-izquierdo","25":"first","26":"instock","27":"shipping-taxable","28":"purchasable","29":"product-type-variable","30":"has-default-attributes"},"jetpack_sharing_enabled":true,"_links":{"self":[{"href":"https:\/\/restaurandoclasicos.com.mx\/new\/wp-json\/wp\/v2\/product\/4283","targetHints":{"allow":["GET"]}}],"collection":[{"href":"https:\/\/restaurandoclasicos.com.mx\/new\/wp-json\/wp\/v2\/product"}],"about":[{"href":"https:\/\/restaurandoclasicos.com.mx\/new\/wp-json\/wp\/v2\/types\/product"}],"replies":[{"embeddable":true,"href":"https:\/\/restaurandoclasicos.com.mx\/new\/wp-json\/wp\/v2\/comments?post=4283"}],"wp:featuredmedia":[{"embeddable":true,"href":"https:\/\/restaurandoclasicos.com.mx\/new\/wp-json\/wp\/v2\/media\/4291"}],"wp:attachment":[{"href":"https:\/\/restaurandoclasicos.com.mx\/new\/wp-json\/wp\/v2\/media?parent=4283"}],"wp:term":[{"taxonomy":"product_brand","embeddable":true,"href":"https:\/\/restaurandoclasicos.com.mx\/new\/wp-json\/wp\/v2\/product_brand?post=4283"},{"taxonomy":"product_cat","embeddable":true,"href":"https:\/\/restaurandoclasicos.com.mx\/new\/wp-json\/wp\/v2\/product_cat?post=4283"},{"taxonomy":"product_tag","embeddable":true,"href":"https:\/\/restaurandoclasicos.com.mx\/new\/wp-json\/wp\/v2\/product_tag?post=4283"}],"curies":[{"name":"wp","href":"https:\/\/api.w.org\/{rel}","templated":true}]}}