{"id":5252,"date":"2024-03-25T16:17:20","date_gmt":"2024-03-25T22:17:20","guid":{"rendered":"https:\/\/restaurandoclasicos.com.mx\/new\/?post_type=product&#038;p=5252"},"modified":"2024-03-25T16:17:20","modified_gmt":"2024-03-25T22:17:20","slug":"parrilla-nissan-platina-2002-a-2010-nueva","status":"publish","type":"product","link":"https:\/\/restaurandoclasicos.com.mx\/new\/producto\/parrilla-nissan-platina-2002-a-2010-nueva\/","title":{"rendered":"PARRILLA NISSAN PLATINA 2002 A 2010 NUEVA"},"content":{"rendered":"<p><strong>PRODUCTO: NUEVO<\/strong><\/p>\n<p><strong>ORIGEN: TW<\/strong><\/p>\n<p>&nbsp;<\/p>\n","protected":false},"excerpt":{"rendered":"<p class=\"uppercase\"><strong>\u00a1Mejora el estilo y la apariencia de tu Nissan Platina 2002-2010 con la parrilla Tong Yang! Fabricada con pl\u00e1stico de alta calidad, esta parrilla no solo ofrece un aspecto elegante y deportivo, sino que tambi\u00e9n es resistente y duradera. Con un dise\u00f1o preciso que se ajusta perfectamente a tu veh\u00edculo, esta parrilla es f\u00e1cil de instalar y viene lista para COLOCARSE.\u00a0<\/strong><\/p>\n<p>&nbsp;<\/p>\n","protected":false},"featured_media":5253,"comment_status":"open","ping_status":"closed","template":"","meta":{"_joinchat":[]},"product_brand":[],"product_cat":[88],"product_tag":[945,976,1037,350,116,859,1043],"class_list":{"0":"post-5252","1":"product","2":"type-product","3":"status-publish","4":"has-post-thumbnail","6":"product_cat-parrillas","7":"product_tag-autopartes","8":"product_tag-autosjaponeses","9":"product_tag-colision","10":"product_tag-nissan","11":"product_tag-parrilla","12":"product_tag-platina","13":"product_tag-refacciones","15":"first","16":"instock","17":"shipping-taxable","18":"purchasable","19":"product-type-simple"},"jetpack_sharing_enabled":true,"_links":{"self":[{"href":"https:\/\/restaurandoclasicos.com.mx\/new\/wp-json\/wp\/v2\/product\/5252","targetHints":{"allow":["GET"]}}],"collection":[{"href":"https:\/\/restaurandoclasicos.com.mx\/new\/wp-json\/wp\/v2\/product"}],"about":[{"href":"https:\/\/restaurandoclasicos.com.mx\/new\/wp-json\/wp\/v2\/types\/product"}],"replies":[{"embeddable":true,"href":"https:\/\/restaurandoclasicos.com.mx\/new\/wp-json\/wp\/v2\/comments?post=5252"}],"wp:featuredmedia":[{"embeddable":true,"href":"https:\/\/restaurandoclasicos.com.mx\/new\/wp-json\/wp\/v2\/media\/5253"}],"wp:attachment":[{"href":"https:\/\/restaurandoclasicos.com.mx\/new\/wp-json\/wp\/v2\/media?parent=5252"}],"wp:term":[{"taxonomy":"product_brand","embeddable":true,"href":"https:\/\/restaurandoclasicos.com.mx\/new\/wp-json\/wp\/v2\/product_brand?post=5252"},{"taxonomy":"product_cat","embeddable":true,"href":"https:\/\/restaurandoclasicos.com.mx\/new\/wp-json\/wp\/v2\/product_cat?post=5252"},{"taxonomy":"product_tag","embeddable":true,"href":"https:\/\/restaurandoclasicos.com.mx\/new\/wp-json\/wp\/v2\/product_tag?post=5252"}],"curies":[{"name":"wp","href":"https:\/\/api.w.org\/{rel}","templated":true}]}}