{"id":5254,"date":"2024-03-25T16:30:03","date_gmt":"2024-03-25T22:30:03","guid":{"rendered":"https:\/\/restaurandoclasicos.com.mx\/new\/?post_type=product&#038;p=5254"},"modified":"2024-03-25T16:30:03","modified_gmt":"2024-03-25T22:30:03","slug":"parrillas-para-defensa-nissan-d21-1993-a-2008-par","status":"publish","type":"product","link":"https:\/\/restaurandoclasicos.com.mx\/new\/producto\/parrillas-para-defensa-nissan-d21-1993-a-2008-par\/","title":{"rendered":"PARRILLAS PARA DEFENSA NISSAN D21 1993 A 2008 PAR"},"content":{"rendered":"<p><strong>PRODUCTO: NUEVO<\/strong><\/p>\n<p><strong>ORIGEN: TW<\/strong><\/p>\n","protected":false},"excerpt":{"rendered":"<h3 class=\"thin-font\"><strong>Dale a tu Nissan D21 un aspecto renovado y resistente con estas parrillas de defensa de origen taiwan\u00e9s. Fabricadas en pl\u00e1stico de alta calidad, estas parrillas ofrecen durabilidad y resistencia a la intemperie. Su dise\u00f1o preciso se ajusta perfectamente a tu veh\u00edculo, a\u00f1adiendo un toque de estilo \u00fanico. F\u00e1ciles de instalar\u00a0 estas parrillas son la opci\u00f3n perfecta para personalizar tu Nissan D21.<\/strong><\/h3>\n","protected":false},"featured_media":5255,"comment_status":"open","ping_status":"closed","template":"","meta":{"_joinchat":[]},"product_brand":[],"product_cat":[88],"product_tag":[945,1037,410,593,350,1079,1043],"class_list":{"0":"post-5254","1":"product","2":"type-product","3":"status-publish","4":"has-post-thumbnail","6":"product_cat-parrillas","7":"product_tag-autopartes","8":"product_tag-colision","9":"product_tag-d21","10":"product_tag-estaquitas","11":"product_tag-nissan","12":"product_tag-parrillas","13":"product_tag-refacciones","15":"first","16":"instock","17":"shipping-taxable","18":"purchasable","19":"product-type-simple"},"jetpack_sharing_enabled":true,"_links":{"self":[{"href":"https:\/\/restaurandoclasicos.com.mx\/new\/wp-json\/wp\/v2\/product\/5254","targetHints":{"allow":["GET"]}}],"collection":[{"href":"https:\/\/restaurandoclasicos.com.mx\/new\/wp-json\/wp\/v2\/product"}],"about":[{"href":"https:\/\/restaurandoclasicos.com.mx\/new\/wp-json\/wp\/v2\/types\/product"}],"replies":[{"embeddable":true,"href":"https:\/\/restaurandoclasicos.com.mx\/new\/wp-json\/wp\/v2\/comments?post=5254"}],"wp:featuredmedia":[{"embeddable":true,"href":"https:\/\/restaurandoclasicos.com.mx\/new\/wp-json\/wp\/v2\/media\/5255"}],"wp:attachment":[{"href":"https:\/\/restaurandoclasicos.com.mx\/new\/wp-json\/wp\/v2\/media?parent=5254"}],"wp:term":[{"taxonomy":"product_brand","embeddable":true,"href":"https:\/\/restaurandoclasicos.com.mx\/new\/wp-json\/wp\/v2\/product_brand?post=5254"},{"taxonomy":"product_cat","embeddable":true,"href":"https:\/\/restaurandoclasicos.com.mx\/new\/wp-json\/wp\/v2\/product_cat?post=5254"},{"taxonomy":"product_tag","embeddable":true,"href":"https:\/\/restaurandoclasicos.com.mx\/new\/wp-json\/wp\/v2\/product_tag?post=5254"}],"curies":[{"name":"wp","href":"https:\/\/api.w.org\/{rel}","templated":true}]}}