{"id":5257,"date":"2024-03-25T16:38:10","date_gmt":"2024-03-25T22:38:10","guid":{"rendered":"https:\/\/restaurandoclasicos.com.mx\/new\/?post_type=product&#038;p=5257"},"modified":"2024-05-11T12:45:54","modified_gmt":"2024-05-11T17:45:54","slug":"parrilla-nissan-720-1981-1983-nueva","status":"publish","type":"product","link":"https:\/\/restaurandoclasicos.com.mx\/new\/producto\/parrilla-nissan-720-1981-1983-nueva\/","title":{"rendered":"PARRILLA NISSAN 720 1981 &#8211; 1983 NUEVA"},"content":{"rendered":"<p><strong>PRODUCTO: NUEVO<\/strong><\/p>\n<p><strong>ORIGEN: TW<\/strong><\/p>\n","protected":false},"excerpt":{"rendered":"<h3 class=\"thin-font\"><strong>Renueva el aspecto de tu Nissan 720 de 1981 a 1983 con esta parrilla de origen taiwan\u00e9s. Fabricada en pl\u00e1stico de alta calidad, esta parrilla ofrece resistencia y durabilidad. Su acabado en color negro le da un aspecto elegante y deportivo a tu veh\u00edculo. Con un dise\u00f1o preciso que se ajusta perfectamente, esta parrilla es f\u00e1cil de instalar y es una opci\u00f3n ideal para personalizar tu Nissan 720.<\/strong><\/h3>\n","protected":false},"featured_media":5259,"comment_status":"open","ping_status":"closed","template":"","meta":{"_joinchat":[]},"product_brand":[],"product_cat":[88],"product_tag":[477,945,1037,350,116,1043],"class_list":{"0":"post-5257","1":"product","2":"type-product","3":"status-publish","4":"has-post-thumbnail","6":"product_cat-parrillas","7":"product_tag-477","8":"product_tag-autopartes","9":"product_tag-colision","10":"product_tag-nissan","11":"product_tag-parrilla","12":"product_tag-refacciones","14":"first","15":"instock","16":"shipping-taxable","17":"purchasable","18":"product-type-simple"},"jetpack_sharing_enabled":true,"_links":{"self":[{"href":"https:\/\/restaurandoclasicos.com.mx\/new\/wp-json\/wp\/v2\/product\/5257","targetHints":{"allow":["GET"]}}],"collection":[{"href":"https:\/\/restaurandoclasicos.com.mx\/new\/wp-json\/wp\/v2\/product"}],"about":[{"href":"https:\/\/restaurandoclasicos.com.mx\/new\/wp-json\/wp\/v2\/types\/product"}],"replies":[{"embeddable":true,"href":"https:\/\/restaurandoclasicos.com.mx\/new\/wp-json\/wp\/v2\/comments?post=5257"}],"wp:featuredmedia":[{"embeddable":true,"href":"https:\/\/restaurandoclasicos.com.mx\/new\/wp-json\/wp\/v2\/media\/5259"}],"wp:attachment":[{"href":"https:\/\/restaurandoclasicos.com.mx\/new\/wp-json\/wp\/v2\/media?parent=5257"}],"wp:term":[{"taxonomy":"product_brand","embeddable":true,"href":"https:\/\/restaurandoclasicos.com.mx\/new\/wp-json\/wp\/v2\/product_brand?post=5257"},{"taxonomy":"product_cat","embeddable":true,"href":"https:\/\/restaurandoclasicos.com.mx\/new\/wp-json\/wp\/v2\/product_cat?post=5257"},{"taxonomy":"product_tag","embeddable":true,"href":"https:\/\/restaurandoclasicos.com.mx\/new\/wp-json\/wp\/v2\/product_tag?post=5257"}],"curies":[{"name":"wp","href":"https:\/\/api.w.org\/{rel}","templated":true}]}}