{"id":5266,"date":"2024-03-26T20:54:50","date_gmt":"2024-03-27T02:54:50","guid":{"rendered":"https:\/\/restaurandoclasicos.com.mx\/new\/?post_type=product&#038;p=5266"},"modified":"2024-04-01T20:17:48","modified_gmt":"2024-04-02T02:17:48","slug":"cofre-ford-topaz-ford-ghia-1988-a-1994-nuevo-importado","status":"publish","type":"product","link":"https:\/\/restaurandoclasicos.com.mx\/new\/producto\/cofre-ford-topaz-ford-ghia-1988-a-1994-nuevo-importado\/","title":{"rendered":"COFRE FORD TOPAZ  FORD GHIA 1988 A 1994 NUEVO IMPORTADO"},"content":{"rendered":"<p><strong>PRODUCTO: NUEVO<\/strong><\/p>\n<p><strong>ORIGEN: TW<\/strong><\/p>\n","protected":false},"excerpt":{"rendered":"<h3><strong>El cofre para Ford Topaz y Ford Ghia de los a\u00f1os 1988 a 1994 es un producto nuevo, fabricado en metal y de origen taiwan\u00e9s. Este cofre est\u00e1 dise\u00f1ado para brindar durabilidad y resistencia, asegurando un ajuste preciso y manteniendo la integridad estructural de tu veh\u00edculo. Es importante verificar la compatibilidad con tu modelo antes de realizar la compra.<\/strong><\/h3>\n","protected":false},"featured_media":5267,"comment_status":"open","ping_status":"closed","template":"","meta":{"_joinchat":[]},"product_brand":[],"product_cat":[84],"product_tag":[260,211,212,160,161,203,204,1082,779,1037,76,1081,1043,353],"class_list":{"0":"post-5266","1":"product","2":"type-product","3":"status-publish","4":"has-post-thumbnail","6":"product_cat-colision","7":"product_tag-260","8":"product_tag-211","9":"product_tag-212","10":"product_tag-160","11":"product_tag-161","12":"product_tag-203","13":"product_tag-204","14":"product_tag-autoapartes","15":"product_tag-cofre","16":"product_tag-colision","17":"product_tag-ford","18":"product_tag-ford-ghia","19":"product_tag-refacciones","20":"product_tag-topaz","22":"first","23":"instock","24":"shipping-taxable","25":"purchasable","26":"product-type-simple"},"jetpack_sharing_enabled":true,"_links":{"self":[{"href":"https:\/\/restaurandoclasicos.com.mx\/new\/wp-json\/wp\/v2\/product\/5266","targetHints":{"allow":["GET"]}}],"collection":[{"href":"https:\/\/restaurandoclasicos.com.mx\/new\/wp-json\/wp\/v2\/product"}],"about":[{"href":"https:\/\/restaurandoclasicos.com.mx\/new\/wp-json\/wp\/v2\/types\/product"}],"replies":[{"embeddable":true,"href":"https:\/\/restaurandoclasicos.com.mx\/new\/wp-json\/wp\/v2\/comments?post=5266"}],"wp:featuredmedia":[{"embeddable":true,"href":"https:\/\/restaurandoclasicos.com.mx\/new\/wp-json\/wp\/v2\/media\/5267"}],"wp:attachment":[{"href":"https:\/\/restaurandoclasicos.com.mx\/new\/wp-json\/wp\/v2\/media?parent=5266"}],"wp:term":[{"taxonomy":"product_brand","embeddable":true,"href":"https:\/\/restaurandoclasicos.com.mx\/new\/wp-json\/wp\/v2\/product_brand?post=5266"},{"taxonomy":"product_cat","embeddable":true,"href":"https:\/\/restaurandoclasicos.com.mx\/new\/wp-json\/wp\/v2\/product_cat?post=5266"},{"taxonomy":"product_tag","embeddable":true,"href":"https:\/\/restaurandoclasicos.com.mx\/new\/wp-json\/wp\/v2\/product_tag?post=5266"}],"curies":[{"name":"wp","href":"https:\/\/api.w.org\/{rel}","templated":true}]}}