{"id":5277,"date":"2024-04-01T19:04:27","date_gmt":"2024-04-02T01:04:27","guid":{"rendered":"https:\/\/restaurandoclasicos.com.mx\/new\/?post_type=product&#038;p=5277"},"modified":"2024-04-01T20:15:50","modified_gmt":"2024-04-02T02:15:50","slug":"calavera-chevrolet-custom-sierra-cheyenne-1992-a-1998-suburban-1992-a-1999-nueva-importada","status":"publish","type":"product","link":"https:\/\/restaurandoclasicos.com.mx\/new\/producto\/calavera-chevrolet-custom-sierra-cheyenne-1992-a-1998-suburban-1992-a-1999-nueva-importada\/","title":{"rendered":"CALAVERA CHEVROLET CUSTOM SIERRA CHEYENNE 1992 A 1998 SUBURBAN 1992 A 1999 NUEVA IMPORTADA"},"content":{"rendered":"<p><strong>PRODUCTO: NUEVO<\/strong><\/p>\n<p><strong>ORIGEN: TW<\/strong><\/p>\n","protected":false},"excerpt":{"rendered":"<h3 class=\"thin-font\"><strong>Esta calavera importada de la marca DEPO est\u00e1 dise\u00f1ada espec\u00edficamente para los modelos Chevrolet Cheyenne, Custom, Sierra fabricados entre 1992 y 1998, as\u00ed como para Chevrolet Suburban fabricados entre 1992 y 1999. Fabricada con los m\u00e1s altos est\u00e1ndares de calidad, esta calavera ofrece un ajuste perfecto y una durabilidad excepcional. Renueva la apariencia de tu veh\u00edculo con esta calavera de calidad importada DEPO.<\/strong><\/h3>\n","protected":false},"featured_media":5280,"comment_status":"open","ping_status":"closed","template":"","meta":{"_joinchat":[]},"product_brand":[],"product_cat":[812,69],"product_tag":[161,203,204,341,432,293,276,294,945,605,72,114,1037,206,1043,1020,413,136],"class_list":{"0":"post-5277","1":"product","2":"type-product","3":"status-publish","4":"has-post-thumbnail","6":"product_cat-calaveras","7":"product_cat-iluminacion","8":"product_tag-161","9":"product_tag-203","10":"product_tag-204","11":"product_tag-341","12":"product_tag-432","13":"product_tag-293","14":"product_tag-276","15":"product_tag-294","16":"product_tag-autopartes","17":"product_tag-calaveras","18":"product_tag-chevrolet","19":"product_tag-cheyenne","20":"product_tag-colision","21":"product_tag-custom","22":"product_tag-refacciones","23":"product_tag-repuestos","24":"product_tag-sierra","25":"product_tag-suburban","26":"pa_lado-derecho","27":"pa_lado-izquierdo","29":"first","30":"instock","31":"shipping-taxable","32":"purchasable","33":"product-type-variable"},"jetpack_sharing_enabled":true,"_links":{"self":[{"href":"https:\/\/restaurandoclasicos.com.mx\/new\/wp-json\/wp\/v2\/product\/5277","targetHints":{"allow":["GET"]}}],"collection":[{"href":"https:\/\/restaurandoclasicos.com.mx\/new\/wp-json\/wp\/v2\/product"}],"about":[{"href":"https:\/\/restaurandoclasicos.com.mx\/new\/wp-json\/wp\/v2\/types\/product"}],"replies":[{"embeddable":true,"href":"https:\/\/restaurandoclasicos.com.mx\/new\/wp-json\/wp\/v2\/comments?post=5277"}],"wp:featuredmedia":[{"embeddable":true,"href":"https:\/\/restaurandoclasicos.com.mx\/new\/wp-json\/wp\/v2\/media\/5280"}],"wp:attachment":[{"href":"https:\/\/restaurandoclasicos.com.mx\/new\/wp-json\/wp\/v2\/media?parent=5277"}],"wp:term":[{"taxonomy":"product_brand","embeddable":true,"href":"https:\/\/restaurandoclasicos.com.mx\/new\/wp-json\/wp\/v2\/product_brand?post=5277"},{"taxonomy":"product_cat","embeddable":true,"href":"https:\/\/restaurandoclasicos.com.mx\/new\/wp-json\/wp\/v2\/product_cat?post=5277"},{"taxonomy":"product_tag","embeddable":true,"href":"https:\/\/restaurandoclasicos.com.mx\/new\/wp-json\/wp\/v2\/product_tag?post=5277"}],"curies":[{"name":"wp","href":"https:\/\/api.w.org\/{rel}","templated":true}]}}