{"id":5282,"date":"2024-04-01T19:29:02","date_gmt":"2024-04-02T01:29:02","guid":{"rendered":"https:\/\/restaurandoclasicos.com.mx\/new\/?post_type=product&#038;p=5282"},"modified":"2024-04-01T20:15:11","modified_gmt":"2024-04-02T02:15:11","slug":"calaveras-chevrolet-cheyenne-silverado-2014-a-2018","status":"publish","type":"product","link":"https:\/\/restaurandoclasicos.com.mx\/new\/producto\/calaveras-chevrolet-cheyenne-silverado-2014-a-2018\/","title":{"rendered":"CALAVERAS CHEVROLET CHEYENNE SILVERADO 2014 A 2018"},"content":{"rendered":"<p><strong>PRODUCTO: NUEVO<\/strong><\/p>\n<p><strong>ORIGEN: TW<\/strong><\/p>\n","protected":false},"excerpt":{"rendered":"<h3 class=\"thin-font\">Esta calavera importada de la marca DEPO est\u00e1 dise\u00f1ada especialmente para el modelo Chevrolet Cheyenne 2014. Fabricada con los m\u00e1s altos est\u00e1ndares de calidad, esta calavera ofrece un ajuste perfecto y una durabilidad excepcional. Renueva la apariencia de tu Chevrolet Cheyenne 2014 A 2018\u00a0 con esta calavera de calidad importada DEPO.<\/h3>\n","protected":false},"featured_media":5285,"comment_status":"open","ping_status":"closed","template":"","meta":{"_joinchat":[]},"product_brand":[],"product_cat":[812,69],"product_tag":[290,291,292,403,398,945,605,72,114,1037,1043,135],"class_list":{"0":"post-5282","1":"product","2":"type-product","3":"status-publish","4":"has-post-thumbnail","6":"product_cat-calaveras","7":"product_cat-iluminacion","8":"product_tag-290","9":"product_tag-291","10":"product_tag-292","11":"product_tag-403","12":"product_tag-398","13":"product_tag-autopartes","14":"product_tag-calaveras","15":"product_tag-chevrolet","16":"product_tag-cheyenne","17":"product_tag-colision","18":"product_tag-refacciones","19":"product_tag-silverado","20":"pa_lado-derecho","21":"pa_lado-izquierdo","23":"first","24":"instock","25":"shipping-taxable","26":"purchasable","27":"product-type-variable"},"jetpack_sharing_enabled":true,"_links":{"self":[{"href":"https:\/\/restaurandoclasicos.com.mx\/new\/wp-json\/wp\/v2\/product\/5282","targetHints":{"allow":["GET"]}}],"collection":[{"href":"https:\/\/restaurandoclasicos.com.mx\/new\/wp-json\/wp\/v2\/product"}],"about":[{"href":"https:\/\/restaurandoclasicos.com.mx\/new\/wp-json\/wp\/v2\/types\/product"}],"replies":[{"embeddable":true,"href":"https:\/\/restaurandoclasicos.com.mx\/new\/wp-json\/wp\/v2\/comments?post=5282"}],"wp:featuredmedia":[{"embeddable":true,"href":"https:\/\/restaurandoclasicos.com.mx\/new\/wp-json\/wp\/v2\/media\/5285"}],"wp:attachment":[{"href":"https:\/\/restaurandoclasicos.com.mx\/new\/wp-json\/wp\/v2\/media?parent=5282"}],"wp:term":[{"taxonomy":"product_brand","embeddable":true,"href":"https:\/\/restaurandoclasicos.com.mx\/new\/wp-json\/wp\/v2\/product_brand?post=5282"},{"taxonomy":"product_cat","embeddable":true,"href":"https:\/\/restaurandoclasicos.com.mx\/new\/wp-json\/wp\/v2\/product_cat?post=5282"},{"taxonomy":"product_tag","embeddable":true,"href":"https:\/\/restaurandoclasicos.com.mx\/new\/wp-json\/wp\/v2\/product_tag?post=5282"}],"curies":[{"name":"wp","href":"https:\/\/api.w.org\/{rel}","templated":true}]}}