{"id":5291,"date":"2024-04-08T18:11:40","date_gmt":"2024-04-08T23:11:40","guid":{"rendered":"https:\/\/restaurandoclasicos.com.mx\/new\/?post_type=product&#038;p=5291"},"modified":"2024-04-08T21:23:31","modified_gmt":"2024-04-09T02:23:31","slug":"cuartos-laterales-dodge-dart-gts-1968n-juego-de-4-pzas","status":"publish","type":"product","link":"https:\/\/restaurandoclasicos.com.mx\/new\/producto\/cuartos-laterales-dodge-dart-gts-1968n-juego-de-4-pzas\/","title":{"rendered":"CUARTOS LATERALES DODGE DART GTS 1968N JUEGO DE 4 PZAS"},"content":{"rendered":"<p><strong>PRODUCTO: NUEVO<\/strong><\/p>\n<p><strong>ORIGEN: USA<\/strong><\/p>\n","protected":false},"excerpt":{"rendered":"<h3 class=\"thin-font\"><strong>\u00ab\u00a1Haz que tu Dodge Dart GTS 1968 luzca como nuevo con este juego de 4 cuartos laterales totalmente nuevos y met\u00e1licos! Importados directamente desde Estados Unidos, estos cuartos laterales est\u00e1n dise\u00f1ados para brindar un ajuste perfecto y restaurar el aspecto original de tu cl\u00e1sico autom\u00f3vil. Fabricados con los m\u00e1s altos est\u00e1ndares de calidad, estos cuartos laterales son una adici\u00f3n imprescindible para cualquier entusiasta de los autos cl\u00e1sicos que busca una aut\u00e9ntica experiencia de restauraci\u00f3n. \u00a1Haz que tu Dodge Dart GTS 1968 destaque en la carretera con estos cuartos laterales de alta calidad!\u00bb<\/strong><\/h3>\n","protected":false},"featured_media":5292,"comment_status":"open","ping_status":"closed","template":"","meta":{"_joinchat":[]},"product_brand":[],"product_cat":[745,744,69],"product_tag":[945,1037,106,94,1086,949],"class_list":{"0":"post-5291","1":"product","2":"type-product","3":"status-publish","4":"has-post-thumbnail","6":"product_cat-dodge-chrysler-plymouth","7":"product_cat-cuartos","8":"product_cat-iluminacion","9":"product_tag-autopartes","10":"product_tag-colision","11":"product_tag-dart","12":"product_tag-dodge","13":"product_tag-gts-restaurandoclasicos","14":"product_tag-mexico","16":"first","17":"instock","18":"shipping-taxable","19":"purchasable","20":"product-type-simple"},"jetpack_sharing_enabled":true,"_links":{"self":[{"href":"https:\/\/restaurandoclasicos.com.mx\/new\/wp-json\/wp\/v2\/product\/5291","targetHints":{"allow":["GET"]}}],"collection":[{"href":"https:\/\/restaurandoclasicos.com.mx\/new\/wp-json\/wp\/v2\/product"}],"about":[{"href":"https:\/\/restaurandoclasicos.com.mx\/new\/wp-json\/wp\/v2\/types\/product"}],"replies":[{"embeddable":true,"href":"https:\/\/restaurandoclasicos.com.mx\/new\/wp-json\/wp\/v2\/comments?post=5291"}],"wp:featuredmedia":[{"embeddable":true,"href":"https:\/\/restaurandoclasicos.com.mx\/new\/wp-json\/wp\/v2\/media\/5292"}],"wp:attachment":[{"href":"https:\/\/restaurandoclasicos.com.mx\/new\/wp-json\/wp\/v2\/media?parent=5291"}],"wp:term":[{"taxonomy":"product_brand","embeddable":true,"href":"https:\/\/restaurandoclasicos.com.mx\/new\/wp-json\/wp\/v2\/product_brand?post=5291"},{"taxonomy":"product_cat","embeddable":true,"href":"https:\/\/restaurandoclasicos.com.mx\/new\/wp-json\/wp\/v2\/product_cat?post=5291"},{"taxonomy":"product_tag","embeddable":true,"href":"https:\/\/restaurandoclasicos.com.mx\/new\/wp-json\/wp\/v2\/product_tag?post=5291"}],"curies":[{"name":"wp","href":"https:\/\/api.w.org\/{rel}","templated":true}]}}