{"id":5296,"date":"2024-04-09T19:27:33","date_gmt":"2024-04-10T00:27:33","guid":{"rendered":"https:\/\/restaurandoclasicos.com.mx\/new\/?post_type=product&#038;p=5296"},"modified":"2024-04-09T20:01:41","modified_gmt":"2024-04-10T01:01:41","slug":"faro-dodge-ram-con-franja-2006-a-2008","status":"publish","type":"product","link":"https:\/\/restaurandoclasicos.com.mx\/new\/producto\/faro-dodge-ram-con-franja-2006-a-2008\/","title":{"rendered":"FARO DODGE RAM CON FRANJA 2006 A 2008"},"content":{"rendered":"<p><strong>PRODUCTO: NUEVO<\/strong><\/p>\n<p><strong>ORIGEN: TW<\/strong><\/p>\n<p><img decoding=\"async\" class=\"alignnone size-full wp-image-5301\" src=\"https:\/\/restaurandoclasicos.com.mx\/new\/wp-content\/uploads\/2024\/04\/LOGODEPO.jpg\" alt=\"\" width=\"118\" height=\"47\" \/><\/p>\n","protected":false},"excerpt":{"rendered":"<h3 class=\"thin-font\"><strong>Faros nuevos para Dodge Ram de los a\u00f1os 2006 a 2008, importados y de la reconocida marca DEPO. Estos faros est\u00e1n dise\u00f1ados para brindar un ajuste perfecto en tu Dodge Ram, garantizando la m\u00e1xima calidad y durabilidad. Con un dise\u00f1o moderno y elegante, estos faros no solo mejorar\u00e1n la apariencia de tu veh\u00edculo, sino que tambi\u00e9n mejorar\u00e1n la visibilidad y la seguridad en la carretera. \u00a1Haz que tu Dodge Ram luzca como nueva con estos faros DEPO de alta calidad!<\/strong><\/h3>\n","protected":false},"featured_media":5300,"comment_status":"open","ping_status":"closed","template":"","meta":{"_joinchat":[]},"product_brand":[],"product_cat":[983,69],"product_tag":[94,124,334,632,633,1087],"class_list":{"0":"post-5296","1":"product","2":"type-product","3":"status-publish","4":"has-post-thumbnail","6":"product_cat-faros","7":"product_cat-iluminacion","8":"product_tag-dodge","9":"product_tag-pickup","10":"product_tag-ram","11":"product_tag-ram1500","12":"product_tag-ram2500","13":"product_tag-ram3500","14":"pa_lado-derecho","15":"pa_lado-izquierdo","17":"first","18":"instock","19":"shipping-taxable","20":"purchasable","21":"product-type-variable"},"jetpack_sharing_enabled":true,"_links":{"self":[{"href":"https:\/\/restaurandoclasicos.com.mx\/new\/wp-json\/wp\/v2\/product\/5296","targetHints":{"allow":["GET"]}}],"collection":[{"href":"https:\/\/restaurandoclasicos.com.mx\/new\/wp-json\/wp\/v2\/product"}],"about":[{"href":"https:\/\/restaurandoclasicos.com.mx\/new\/wp-json\/wp\/v2\/types\/product"}],"replies":[{"embeddable":true,"href":"https:\/\/restaurandoclasicos.com.mx\/new\/wp-json\/wp\/v2\/comments?post=5296"}],"wp:featuredmedia":[{"embeddable":true,"href":"https:\/\/restaurandoclasicos.com.mx\/new\/wp-json\/wp\/v2\/media\/5300"}],"wp:attachment":[{"href":"https:\/\/restaurandoclasicos.com.mx\/new\/wp-json\/wp\/v2\/media?parent=5296"}],"wp:term":[{"taxonomy":"product_brand","embeddable":true,"href":"https:\/\/restaurandoclasicos.com.mx\/new\/wp-json\/wp\/v2\/product_brand?post=5296"},{"taxonomy":"product_cat","embeddable":true,"href":"https:\/\/restaurandoclasicos.com.mx\/new\/wp-json\/wp\/v2\/product_cat?post=5296"},{"taxonomy":"product_tag","embeddable":true,"href":"https:\/\/restaurandoclasicos.com.mx\/new\/wp-json\/wp\/v2\/product_tag?post=5296"}],"curies":[{"name":"wp","href":"https:\/\/api.w.org\/{rel}","templated":true}]}}