{"id":5308,"date":"2024-04-10T20:58:50","date_gmt":"2024-04-11T01:58:50","guid":{"rendered":"https:\/\/restaurandoclasicos.com.mx\/new\/?post_type=product&#038;p=5308"},"modified":"2024-09-02T22:46:42","modified_gmt":"2024-09-03T03:46:42","slug":"mica-luz-interior-ford-maverick-falcon-f100-f150-f200-f250-f350-nueva","status":"publish","type":"product","link":"https:\/\/restaurandoclasicos.com.mx\/new\/producto\/mica-luz-interior-ford-maverick-falcon-f100-f150-f200-f250-f350-nueva\/","title":{"rendered":"MICA LUZ INTERIOR FORD MAVERICK FALCON F100 F150 F200 F250 F350 NUEVA"},"content":{"rendered":"<p><strong>PRODUCTO: NUEVO<\/strong><\/p>\n<p><strong>ORIGEN: USA<\/strong><\/p>\n","protected":false},"excerpt":{"rendered":"<h3 class=\"thin-font\"><strong>\u00abMica de luz interior nueva, fabricada en acr\u00edlico de alta calidad, importada para los modelos Ford Maverick, Falcon, F100, F150, F200, y F350. Esta mica est\u00e1 dise\u00f1ada para proporcionar una iluminaci\u00f3n clara y brillante en el interior de tu veh\u00edculo, garantizando una visibilidad \u00f3ptima en todo momento. \u00a1Renueva la apariencia y funcionalidad de tu Ford con esta mica de luz interior importada de alta calidad!\u00bb<\/strong><\/h3>\n","protected":false},"featured_media":5309,"comment_status":"open","ping_status":"closed","template":"","meta":{"_joinchat":[]},"product_brand":[],"product_cat":[864,69,785],"product_tag":[945,1037,193,194,195,1089,181,76,230,1043],"class_list":{"0":"post-5308","1":"product","2":"type-product","3":"status-publish","4":"has-post-thumbnail","6":"product_cat-ford-micas","7":"product_cat-iluminacion","8":"product_cat-micas","9":"product_tag-autopartes","10":"product_tag-colision","11":"product_tag-f100","12":"product_tag-f150","13":"product_tag-f200","14":"product_tag-f350c","15":"product_tag-falcon","16":"product_tag-ford","17":"product_tag-maverick","18":"product_tag-refacciones","20":"first","21":"instock","22":"shipping-taxable","23":"purchasable","24":"product-type-simple"},"jetpack_sharing_enabled":true,"_links":{"self":[{"href":"https:\/\/restaurandoclasicos.com.mx\/new\/wp-json\/wp\/v2\/product\/5308","targetHints":{"allow":["GET"]}}],"collection":[{"href":"https:\/\/restaurandoclasicos.com.mx\/new\/wp-json\/wp\/v2\/product"}],"about":[{"href":"https:\/\/restaurandoclasicos.com.mx\/new\/wp-json\/wp\/v2\/types\/product"}],"replies":[{"embeddable":true,"href":"https:\/\/restaurandoclasicos.com.mx\/new\/wp-json\/wp\/v2\/comments?post=5308"}],"wp:featuredmedia":[{"embeddable":true,"href":"https:\/\/restaurandoclasicos.com.mx\/new\/wp-json\/wp\/v2\/media\/5309"}],"wp:attachment":[{"href":"https:\/\/restaurandoclasicos.com.mx\/new\/wp-json\/wp\/v2\/media?parent=5308"}],"wp:term":[{"taxonomy":"product_brand","embeddable":true,"href":"https:\/\/restaurandoclasicos.com.mx\/new\/wp-json\/wp\/v2\/product_brand?post=5308"},{"taxonomy":"product_cat","embeddable":true,"href":"https:\/\/restaurandoclasicos.com.mx\/new\/wp-json\/wp\/v2\/product_cat?post=5308"},{"taxonomy":"product_tag","embeddable":true,"href":"https:\/\/restaurandoclasicos.com.mx\/new\/wp-json\/wp\/v2\/product_tag?post=5308"}],"curies":[{"name":"wp","href":"https:\/\/api.w.org\/{rel}","templated":true}]}}