{"id":5316,"date":"2024-04-17T12:31:01","date_gmt":"2024-04-17T17:31:01","guid":{"rendered":"https:\/\/restaurandoclasicos.com.mx\/new\/?post_type=product&#038;p=5316"},"modified":"2025-10-08T18:05:54","modified_gmt":"2025-10-08T23:05:54","slug":"seguros-para-aleta-chevrolet-cheyenne-silverado-custom-par","status":"publish","type":"product","link":"https:\/\/restaurandoclasicos.com.mx\/new\/producto\/seguros-para-aleta-chevrolet-cheyenne-silverado-custom-par\/","title":{"rendered":"SEGUROS PARA ALETA CHEVROLET CHEYENNE SILVERADO CUSTOM PAR"},"content":{"rendered":"<p><strong>PRODUCTO: NUEVO<\/strong><\/p>\n<p><strong>ORIGEN: M\u00c9XICO<\/strong><\/p>\n","protected":false},"excerpt":{"rendered":"<h3 class=\"thin-font\">Renueva el estilo de tu Chevrolet Cheyenne, Silverado, Hunter o Custom con este par de manijas para aleta, nuevas y fabricadas en metal, cromadas y hechas en M\u00e9xico. Estas manijas no solo a\u00f1aden un toque de elegancia a tu veh\u00edculo, sino que tambi\u00e9n ofrecen durabilidad y calidad. \u00a1Haz que tu camioneta luzca como nueva con estas manijas de primera calidad!<\/h3>\n","protected":false},"featured_media":5317,"comment_status":"open","ping_status":"closed","template":"","meta":{"_joinchat":[]},"product_brand":[],"product_cat":[80],"product_tag":[1159,1058,945,72,114,1256,206,221,1060,1043,135,1257],"class_list":{"0":"post-5316","1":"product","2":"type-product","3":"status-publish","4":"has-post-thumbnail","6":"product_cat-manijas","7":"product_tag-accesorios-automotrices","8":"product_tag-accesoriosautomotrices","9":"product_tag-autopartes","10":"product_tag-chevrolet","11":"product_tag-cheyenne","12":"product_tag-cromadas","13":"product_tag-custom","14":"product_tag-manija","15":"product_tag-manijas","16":"product_tag-refacciones","17":"product_tag-silverado","18":"product_tag-ventanillas","20":"first","21":"instock","22":"shipping-taxable","23":"purchasable","24":"product-type-simple"},"jetpack_sharing_enabled":true,"_links":{"self":[{"href":"https:\/\/restaurandoclasicos.com.mx\/new\/wp-json\/wp\/v2\/product\/5316","targetHints":{"allow":["GET"]}}],"collection":[{"href":"https:\/\/restaurandoclasicos.com.mx\/new\/wp-json\/wp\/v2\/product"}],"about":[{"href":"https:\/\/restaurandoclasicos.com.mx\/new\/wp-json\/wp\/v2\/types\/product"}],"replies":[{"embeddable":true,"href":"https:\/\/restaurandoclasicos.com.mx\/new\/wp-json\/wp\/v2\/comments?post=5316"}],"wp:featuredmedia":[{"embeddable":true,"href":"https:\/\/restaurandoclasicos.com.mx\/new\/wp-json\/wp\/v2\/media\/5317"}],"wp:attachment":[{"href":"https:\/\/restaurandoclasicos.com.mx\/new\/wp-json\/wp\/v2\/media?parent=5316"}],"wp:term":[{"taxonomy":"product_brand","embeddable":true,"href":"https:\/\/restaurandoclasicos.com.mx\/new\/wp-json\/wp\/v2\/product_brand?post=5316"},{"taxonomy":"product_cat","embeddable":true,"href":"https:\/\/restaurandoclasicos.com.mx\/new\/wp-json\/wp\/v2\/product_cat?post=5316"},{"taxonomy":"product_tag","embeddable":true,"href":"https:\/\/restaurandoclasicos.com.mx\/new\/wp-json\/wp\/v2\/product_tag?post=5316"}],"curies":[{"name":"wp","href":"https:\/\/api.w.org\/{rel}","templated":true}]}}