{"id":5325,"date":"2024-04-22T07:39:31","date_gmt":"2024-04-22T12:39:31","guid":{"rendered":"https:\/\/restaurandoclasicos.com.mx\/new\/?post_type=product&#038;p=5325"},"modified":"2024-05-02T23:46:58","modified_gmt":"2024-05-03T04:46:58","slug":"biseles-para-faros-chevrolet-custom-1989-a-1991-nuevos-par","status":"publish","type":"product","link":"https:\/\/restaurandoclasicos.com.mx\/new\/producto\/biseles-para-faros-chevrolet-custom-1989-a-1991-nuevos-par\/","title":{"rendered":"BISELES PARA FAROS CHEVROLET CUSTOM 1989 A 1991 NUEVOS PAR"},"content":{"rendered":"<p><strong>PRODUCTO: NUEVO<\/strong><\/p>\n<p><strong>ORIGEN: TW<\/strong><\/p>\n","protected":false},"excerpt":{"rendered":"<h3 class=\"thin-font\">Actualiza el aspecto de tu Chevrolet Custom 1989 a 1991 con estos biseles para faros, nuevos y fabricados en pl\u00e1stico de alta calidad, importados y con un acabado en gris que complementa perfectamente el estilo de tu veh\u00edculo. Estos bisels no solo mejoran la apariencia de tus faros, sino que tambi\u00e9n brindan durabilidad y resistencia. \u00a1Dale a tu camioneta un toque moderno y elegante con estos biseles para faros.<\/h3>\n","protected":false},"featured_media":5326,"comment_status":"open","ping_status":"closed","template":"","meta":{"_joinchat":[]},"product_brand":[],"product_cat":[78,715],"product_tag":[126,211,212,160,125,210,945,1006,72,1037,206,124,1043],"class_list":{"0":"post-5325","1":"product","2":"type-product","3":"status-publish","4":"has-post-thumbnail","6":"product_cat-biseles","7":"product_cat-chevrolet","8":"product_tag-126","9":"product_tag-211","10":"product_tag-212","11":"product_tag-160","12":"product_tag-125","13":"product_tag-210","14":"product_tag-autopartes","15":"product_tag-camionetas","16":"product_tag-chevrolet","17":"product_tag-colision","18":"product_tag-custom","19":"product_tag-pickup","20":"product_tag-refacciones","22":"first","23":"instock","24":"shipping-taxable","25":"purchasable","26":"product-type-simple"},"jetpack_sharing_enabled":true,"_links":{"self":[{"href":"https:\/\/restaurandoclasicos.com.mx\/new\/wp-json\/wp\/v2\/product\/5325","targetHints":{"allow":["GET"]}}],"collection":[{"href":"https:\/\/restaurandoclasicos.com.mx\/new\/wp-json\/wp\/v2\/product"}],"about":[{"href":"https:\/\/restaurandoclasicos.com.mx\/new\/wp-json\/wp\/v2\/types\/product"}],"replies":[{"embeddable":true,"href":"https:\/\/restaurandoclasicos.com.mx\/new\/wp-json\/wp\/v2\/comments?post=5325"}],"wp:featuredmedia":[{"embeddable":true,"href":"https:\/\/restaurandoclasicos.com.mx\/new\/wp-json\/wp\/v2\/media\/5326"}],"wp:attachment":[{"href":"https:\/\/restaurandoclasicos.com.mx\/new\/wp-json\/wp\/v2\/media?parent=5325"}],"wp:term":[{"taxonomy":"product_brand","embeddable":true,"href":"https:\/\/restaurandoclasicos.com.mx\/new\/wp-json\/wp\/v2\/product_brand?post=5325"},{"taxonomy":"product_cat","embeddable":true,"href":"https:\/\/restaurandoclasicos.com.mx\/new\/wp-json\/wp\/v2\/product_cat?post=5325"},{"taxonomy":"product_tag","embeddable":true,"href":"https:\/\/restaurandoclasicos.com.mx\/new\/wp-json\/wp\/v2\/product_tag?post=5325"}],"curies":[{"name":"wp","href":"https:\/\/api.w.org\/{rel}","templated":true}]}}