{"id":5333,"date":"2024-05-02T23:40:00","date_gmt":"2024-05-03T04:40:00","guid":{"rendered":"https:\/\/restaurandoclasicos.com.mx\/new\/?post_type=product&#038;p=5333"},"modified":"2024-07-03T18:09:20","modified_gmt":"2024-07-03T23:09:20","slug":"emblema-abeja-super-bee-para-parrilla-metalica-izquierda","status":"publish","type":"product","link":"https:\/\/restaurandoclasicos.com.mx\/new\/producto\/emblema-abeja-super-bee-para-parrilla-metalica-izquierda\/","title":{"rendered":"EMBLEMA ABEJA SUPER BEE PARA PARRILLA METALICA IZQUIERDA"},"content":{"rendered":"<p><strong>PRODUCTO: NUEVO<\/strong><\/p>\n<p><strong>ORIGEN: TW<\/strong><\/p>\n","protected":false},"excerpt":{"rendered":"<h3 class=\"thin-font\"><strong>Dale a tu veh\u00edculo un toque de estilo \u00fanico con este emblema para parrilla con el cl\u00e1sico logo de abeja Super Bee. Fabricado con materiales de alta calidad\u00a0 este emblema cuenta con un acabado cromado que resalta su dise\u00f1o ic\u00f3nico.<\/strong><\/h3>\n<h3 class=\"thin-font\"><strong>cuenta con herrajes para su instalaci\u00f3n.\u00a0<\/strong><\/h3>\n<h3><strong>ESTE EMBLEMA MIDE 11.5 CM DE LARGO X\u00a0 6.5 DE ALTO<\/strong><\/h3>\n","protected":false},"featured_media":5334,"comment_status":"open","ping_status":"closed","template":"","meta":{"_joinchat":[]},"product_brand":[],"product_cat":[725,89],"product_tag":[945,781,751,1037,150,966,1093,172,104,152,144],"class_list":{"0":"post-5333","1":"product","2":"type-product","3":"status-publish","4":"has-post-thumbnail","6":"product_cat-dodge-emblemas","7":"product_cat-emblemas","8":"product_tag-autopartes","9":"product_tag-autosantiguos","10":"product_tag-autosclasicos","11":"product_tag-colision","12":"product_tag-duster","13":"product_tag-insignias","14":"product_tag-insigniasautomotrices","15":"product_tag-musclecar","16":"product_tag-plymouth","17":"product_tag-superbee","18":"product_tag-valiant","20":"first","21":"instock","22":"shipping-taxable","23":"purchasable","24":"product-type-simple"},"jetpack_sharing_enabled":true,"_links":{"self":[{"href":"https:\/\/restaurandoclasicos.com.mx\/new\/wp-json\/wp\/v2\/product\/5333","targetHints":{"allow":["GET"]}}],"collection":[{"href":"https:\/\/restaurandoclasicos.com.mx\/new\/wp-json\/wp\/v2\/product"}],"about":[{"href":"https:\/\/restaurandoclasicos.com.mx\/new\/wp-json\/wp\/v2\/types\/product"}],"replies":[{"embeddable":true,"href":"https:\/\/restaurandoclasicos.com.mx\/new\/wp-json\/wp\/v2\/comments?post=5333"}],"wp:featuredmedia":[{"embeddable":true,"href":"https:\/\/restaurandoclasicos.com.mx\/new\/wp-json\/wp\/v2\/media\/5334"}],"wp:attachment":[{"href":"https:\/\/restaurandoclasicos.com.mx\/new\/wp-json\/wp\/v2\/media?parent=5333"}],"wp:term":[{"taxonomy":"product_brand","embeddable":true,"href":"https:\/\/restaurandoclasicos.com.mx\/new\/wp-json\/wp\/v2\/product_brand?post=5333"},{"taxonomy":"product_cat","embeddable":true,"href":"https:\/\/restaurandoclasicos.com.mx\/new\/wp-json\/wp\/v2\/product_cat?post=5333"},{"taxonomy":"product_tag","embeddable":true,"href":"https:\/\/restaurandoclasicos.com.mx\/new\/wp-json\/wp\/v2\/product_tag?post=5333"}],"curies":[{"name":"wp","href":"https:\/\/api.w.org\/{rel}","templated":true}]}}