{"id":621,"date":"2017-11-14T18:24:12","date_gmt":"2017-11-14T18:24:12","guid":{"rendered":"http:\/\/restaurandoclasicos.com.mx\/new\/?post_type=product&#038;p=621"},"modified":"2025-09-15T18:39:57","modified_gmt":"2025-09-15T23:39:57","slug":"chevrolet-chevelle-malibu-1978-1979-cuarto-esquinero","status":"publish","type":"product","link":"https:\/\/restaurandoclasicos.com.mx\/new\/producto\/chevrolet-chevelle-malibu-1978-1979-cuarto-esquinero\/","title":{"rendered":"CHEVROLET CHEVELLE MALIBU 1978 &#8211; 1979, CUARTO ESQUINERO."},"content":{"rendered":"<p><strong>PRODUCTO: NUEVO.<\/strong><\/p>\n<p><strong>ORIGEN: M\u00c9XICO.<\/strong><\/p>\n<p><strong>DISPONIBLE: DERECHO E IZQUIERDO.<\/strong><\/p>\n","protected":false},"excerpt":{"rendered":"<p><strong>PRODUCTO NUEVO, FABRICADO EN M\u00c9XICO EN ACR\u00cdLICO BAJO SISTEMA DE INYECCI\u00d3N, CUENTA CON ENTRADA PARA SOCKET<\/strong>.<\/p>\n","protected":false},"featured_media":910,"comment_status":"open","ping_status":"closed","template":"","meta":{"_joinchat":[]},"product_brand":[],"product_cat":[69],"product_tag":[139,140,199,72,198],"class_list":{"0":"post-621","1":"product","2":"type-product","3":"status-publish","4":"has-post-thumbnail","6":"product_cat-iluminacion","7":"product_tag-139","8":"product_tag-140","9":"product_tag-chevelle","10":"product_tag-chevrolet","11":"product_tag-malibu","12":"pa_lado-derecho","13":"pa_lado-izquierdo","15":"first","16":"instock","17":"shipping-taxable","18":"purchasable","19":"product-type-variable"},"jetpack_sharing_enabled":true,"_links":{"self":[{"href":"https:\/\/restaurandoclasicos.com.mx\/new\/wp-json\/wp\/v2\/product\/621","targetHints":{"allow":["GET"]}}],"collection":[{"href":"https:\/\/restaurandoclasicos.com.mx\/new\/wp-json\/wp\/v2\/product"}],"about":[{"href":"https:\/\/restaurandoclasicos.com.mx\/new\/wp-json\/wp\/v2\/types\/product"}],"replies":[{"embeddable":true,"href":"https:\/\/restaurandoclasicos.com.mx\/new\/wp-json\/wp\/v2\/comments?post=621"}],"wp:featuredmedia":[{"embeddable":true,"href":"https:\/\/restaurandoclasicos.com.mx\/new\/wp-json\/wp\/v2\/media\/910"}],"wp:attachment":[{"href":"https:\/\/restaurandoclasicos.com.mx\/new\/wp-json\/wp\/v2\/media?parent=621"}],"wp:term":[{"taxonomy":"product_brand","embeddable":true,"href":"https:\/\/restaurandoclasicos.com.mx\/new\/wp-json\/wp\/v2\/product_brand?post=621"},{"taxonomy":"product_cat","embeddable":true,"href":"https:\/\/restaurandoclasicos.com.mx\/new\/wp-json\/wp\/v2\/product_cat?post=621"},{"taxonomy":"product_tag","embeddable":true,"href":"https:\/\/restaurandoclasicos.com.mx\/new\/wp-json\/wp\/v2\/product_tag?post=621"}],"curies":[{"name":"wp","href":"https:\/\/api.w.org\/{rel}","templated":true}]}}