{"id":6689,"date":"2026-04-13T15:12:34","date_gmt":"2026-04-13T20:12:34","guid":{"rendered":"https:\/\/restaurandoclasicos.com.mx\/new\/producto\/espejos-retrovisores-electricos-dodge-d150-d250-ram-charger\/"},"modified":"2026-04-13T15:12:34","modified_gmt":"2026-04-13T20:12:34","slug":"espejos-retrovisores-electricos-dodge-d150-d250-ram-charger","status":"publish","type":"product","link":"https:\/\/restaurandoclasicos.com.mx\/new\/producto\/espejos-retrovisores-electricos-dodge-d150-d250-ram-charger\/","title":{"rendered":"Espejos Retrovisores El\u00e9ctricos  Dodge D150 D250 Ram  Charger"},"content":{"rendered":"<p>Espejos retrovisores, nuevos, importados, este modelo de espejos, cuentan con mecanismo el\u00e9ctrico.<\/p>\n<p>Este modelo de espejo es sobre pedido, el tiempo de entrega es de 25 d\u00edas h\u00e1biles.<\/p>\n","protected":false},"excerpt":{"rendered":"<p>Espejos retrovisores, nuevos, importados, este modelo de espejos, cuentan con mecanismo el\u00e9ctrico. Este modelo de espejo es sobre pedido, el tiempo de entrega es de 25 d\u00edas h\u00e1biles.<\/p>\n","protected":false},"featured_media":6686,"comment_status":"open","ping_status":"closed","template":"","meta":{"_joinchat":[]},"product_brand":[],"product_cat":[301],"product_tag":[],"class_list":{"0":"post-6689","1":"product","2":"type-product","3":"status-publish","4":"has-post-thumbnail","6":"product_cat-sin-categoria","8":"first","9":"instock","10":"shipping-taxable","11":"purchasable","12":"product-type-simple"},"jetpack_sharing_enabled":true,"_links":{"self":[{"href":"https:\/\/restaurandoclasicos.com.mx\/new\/wp-json\/wp\/v2\/product\/6689","targetHints":{"allow":["GET"]}}],"collection":[{"href":"https:\/\/restaurandoclasicos.com.mx\/new\/wp-json\/wp\/v2\/product"}],"about":[{"href":"https:\/\/restaurandoclasicos.com.mx\/new\/wp-json\/wp\/v2\/types\/product"}],"replies":[{"embeddable":true,"href":"https:\/\/restaurandoclasicos.com.mx\/new\/wp-json\/wp\/v2\/comments?post=6689"}],"wp:featuredmedia":[{"embeddable":true,"href":"https:\/\/restaurandoclasicos.com.mx\/new\/wp-json\/wp\/v2\/media\/6686"}],"wp:attachment":[{"href":"https:\/\/restaurandoclasicos.com.mx\/new\/wp-json\/wp\/v2\/media?parent=6689"}],"wp:term":[{"taxonomy":"product_brand","embeddable":true,"href":"https:\/\/restaurandoclasicos.com.mx\/new\/wp-json\/wp\/v2\/product_brand?post=6689"},{"taxonomy":"product_cat","embeddable":true,"href":"https:\/\/restaurandoclasicos.com.mx\/new\/wp-json\/wp\/v2\/product_cat?post=6689"},{"taxonomy":"product_tag","embeddable":true,"href":"https:\/\/restaurandoclasicos.com.mx\/new\/wp-json\/wp\/v2\/product_tag?post=6689"}],"curies":[{"name":"wp","href":"https:\/\/api.w.org\/{rel}","templated":true}]}}