{"id":743,"date":"2017-11-24T02:05:26","date_gmt":"2017-11-24T02:05:26","guid":{"rendered":"http:\/\/restaurandoclasicos.com.mx\/new\/?post_type=product&#038;p=743"},"modified":"2024-07-26T15:02:31","modified_gmt":"2024-07-26T20:02:31","slug":"ford-falcon-fairmont-pick-up-mustang-maverick-manija-elevador","status":"publish","type":"product","link":"https:\/\/restaurandoclasicos.com.mx\/new\/producto\/ford-falcon-fairmont-pick-up-mustang-maverick-manija-elevador\/","title":{"rendered":"MANIJA INTERNA ELEVADOR DE CRISTAL  FALCON FAIRMONT PICK UP  MUSTANG MAVERICK F150 F250 F350"},"content":{"rendered":"<p><strong>PRODUCTO: NUEVO.<\/strong><\/p>\n<p><strong>ORIGEN: M\u00c9XICO.<\/strong><\/p>\n<p>&nbsp;<\/p>\n","protected":false},"excerpt":{"rendered":"<h3 class=\"thin-font\"><strong>Descubre la elegancia y durabilidad de la manija interna para elevador de cristal, fabricada en metal y con un acabado en cromo brillante. Esta pieza, hecha con orgullo en M\u00e9xico, cuenta con una perilla de pl\u00e1stico resistente en color negro, que le brinda un aspecto moderno y sofisticado. Renueva el interior de tu veh\u00edculo con esta manija de alta calidad que combina estilo y funcionalidad a la perfecci\u00f3n. \u00a1Haz tu pedido hoy y disfruta de un producto excepcional para tu autom\u00f3vil.<\/strong><\/h3>\n","protected":false},"featured_media":5497,"comment_status":"open","ping_status":"closed","template":"","meta":{"_joinchat":[]},"product_brand":[],"product_cat":[736,80],"product_tag":[193,194,1092,196,107,181,76,230,73,124],"class_list":{"0":"post-743","1":"product","2":"type-product","3":"status-publish","4":"has-post-thumbnail","6":"product_cat-ford-parrillas","7":"product_cat-manijas","8":"product_tag-f100","9":"product_tag-f150","10":"product_tag-f200-f250","11":"product_tag-f350","12":"product_tag-fairmont","13":"product_tag-falcon","14":"product_tag-ford","15":"product_tag-maverick","16":"product_tag-pick-up","17":"product_tag-pickup","19":"first","20":"instock","21":"shipping-taxable","22":"purchasable","23":"product-type-simple"},"jetpack_sharing_enabled":true,"_links":{"self":[{"href":"https:\/\/restaurandoclasicos.com.mx\/new\/wp-json\/wp\/v2\/product\/743","targetHints":{"allow":["GET"]}}],"collection":[{"href":"https:\/\/restaurandoclasicos.com.mx\/new\/wp-json\/wp\/v2\/product"}],"about":[{"href":"https:\/\/restaurandoclasicos.com.mx\/new\/wp-json\/wp\/v2\/types\/product"}],"replies":[{"embeddable":true,"href":"https:\/\/restaurandoclasicos.com.mx\/new\/wp-json\/wp\/v2\/comments?post=743"}],"wp:featuredmedia":[{"embeddable":true,"href":"https:\/\/restaurandoclasicos.com.mx\/new\/wp-json\/wp\/v2\/media\/5497"}],"wp:attachment":[{"href":"https:\/\/restaurandoclasicos.com.mx\/new\/wp-json\/wp\/v2\/media?parent=743"}],"wp:term":[{"taxonomy":"product_brand","embeddable":true,"href":"https:\/\/restaurandoclasicos.com.mx\/new\/wp-json\/wp\/v2\/product_brand?post=743"},{"taxonomy":"product_cat","embeddable":true,"href":"https:\/\/restaurandoclasicos.com.mx\/new\/wp-json\/wp\/v2\/product_cat?post=743"},{"taxonomy":"product_tag","embeddable":true,"href":"https:\/\/restaurandoclasicos.com.mx\/new\/wp-json\/wp\/v2\/product_tag?post=743"}],"curies":[{"name":"wp","href":"https:\/\/api.w.org\/{rel}","templated":true}]}}