{"id":838,"date":"2017-12-29T00:52:22","date_gmt":"2017-12-29T00:52:22","guid":{"rendered":"http:\/\/restaurandoclasicos.com.mx\/new\/?post_type=product&#038;p=838"},"modified":"2018-06-14T01:27:49","modified_gmt":"2018-06-14T01:27:49","slug":"renault-r5-mica-de-calavera","status":"publish","type":"product","link":"https:\/\/restaurandoclasicos.com.mx\/new\/producto\/renault-r5-mica-de-calavera\/","title":{"rendered":"RENAULT R5 &#8211; MICA DE CALAVERA"},"content":{"rendered":"<p><strong>PRODUCTO: NUEVO.<\/strong><\/p>\n<p><strong>ORIGEN: M\u00c9XICO.<\/strong><\/p>\n<p><strong>DISPONIBLE: DERECHA E IZQUIERDA.<\/strong><\/p>\n","protected":false},"excerpt":{"rendered":"<p><strong>MICA TOTALMENTE NUEVA, HECHA EN M\u00c9XICO, FABRICADA EN ACR\u00cdLICO BAJO SISTEMA DE INYECCI\u00d3N QUE LA HACE MAS PRECISA Y EXACTA EN CUANTO A FORMAS Y DIMENSIONES.<\/strong><\/p>\n","protected":false},"featured_media":841,"comment_status":"open","ping_status":"closed","template":"","meta":{"_joinchat":[]},"product_brand":[],"product_cat":[69],"product_tag":[275,81],"class_list":{"0":"post-838","1":"product","2":"type-product","3":"status-publish","4":"has-post-thumbnail","6":"product_cat-iluminacion","7":"product_tag-r5","8":"product_tag-renault","9":"pa_color-bicolor","10":"pa_color-rojo","11":"pa_lado-derecho","12":"pa_lado-izquierdo","14":"first","15":"instock","16":"shipping-taxable","17":"purchasable","18":"product-type-variable"},"jetpack_sharing_enabled":true,"_links":{"self":[{"href":"https:\/\/restaurandoclasicos.com.mx\/new\/wp-json\/wp\/v2\/product\/838","targetHints":{"allow":["GET"]}}],"collection":[{"href":"https:\/\/restaurandoclasicos.com.mx\/new\/wp-json\/wp\/v2\/product"}],"about":[{"href":"https:\/\/restaurandoclasicos.com.mx\/new\/wp-json\/wp\/v2\/types\/product"}],"replies":[{"embeddable":true,"href":"https:\/\/restaurandoclasicos.com.mx\/new\/wp-json\/wp\/v2\/comments?post=838"}],"wp:featuredmedia":[{"embeddable":true,"href":"https:\/\/restaurandoclasicos.com.mx\/new\/wp-json\/wp\/v2\/media\/841"}],"wp:attachment":[{"href":"https:\/\/restaurandoclasicos.com.mx\/new\/wp-json\/wp\/v2\/media?parent=838"}],"wp:term":[{"taxonomy":"product_brand","embeddable":true,"href":"https:\/\/restaurandoclasicos.com.mx\/new\/wp-json\/wp\/v2\/product_brand?post=838"},{"taxonomy":"product_cat","embeddable":true,"href":"https:\/\/restaurandoclasicos.com.mx\/new\/wp-json\/wp\/v2\/product_cat?post=838"},{"taxonomy":"product_tag","embeddable":true,"href":"https:\/\/restaurandoclasicos.com.mx\/new\/wp-json\/wp\/v2\/product_tag?post=838"}],"curies":[{"name":"wp","href":"https:\/\/api.w.org\/{rel}","templated":true}]}}